{"id":41,"date":"2020-04-09T08:06:06","date_gmt":"2020-04-09T08:06:06","guid":{"rendered":"http:\/\/wn-wn.at\/?page_id=41"},"modified":"2026-03-17T09:55:22","modified_gmt":"2026-03-17T09:55:22","slug":"kontakt","status":"publish","type":"page","link":"https:\/\/wn-wn.at\/?page_id=41","title":{"rendered":"Kontakt"},"content":{"rendered":"<p>Mag. Claudia Buchanan<br \/>\nW &amp; N Beteiligung-Immobilienbesitz und Verwertung Gesellschaft m.b.H.<\/p>\n<p>Email: <a href=\"mailto:office@wn-wn.at\">office[at}wn-wn.at<\/a><\/p>\n<p>B\u00fcro: 1050 Wien, Sch\u00f6nbrunner Stra\u00dfe 13<\/p>\n<p><a href=\"https:\/\/www.google.at\/maps\/place\/Sch%C3%B6nbrunner+Str.+13,+1050+Wien,+%C3%96sterreich\/@48.1941711,16.3580387,16.5z\/data=!4m5!3m4!1s0x476d0786fb49bb71:0x3cc24bfd84871032!8m2!3d48.1944999!4d16.360435\">Location:<\/a><\/p>\n<p>&nbsp;<\/p>\n","protected":false},"excerpt":{"rendered":"<p>Mag. Claudia Buchanan W &amp; N Beteiligung-Immobilienbesitz und Verwertung Gesellschaft m.b.H. Email: office[at}wn-wn.at B\u00fcro: 1050 Wien, Sch\u00f6nbrunner Stra\u00dfe 13 Location: &nbsp;<\/p>\n","protected":false},"author":2,"featured_media":0,"parent":0,"menu_order":0,"comment_status":"closed","ping_status":"closed","template":"","meta":{"footnotes":""},"class_list":["post-41","page","type-page","status-publish","hentry"],"_links":{"self":[{"href":"https:\/\/wn-wn.at\/index.php?rest_route=\/wp\/v2\/pages\/41","targetHints":{"allow":["GET"]}}],"collection":[{"href":"https:\/\/wn-wn.at\/index.php?rest_route=\/wp\/v2\/pages"}],"about":[{"href":"https:\/\/wn-wn.at\/index.php?rest_route=\/wp\/v2\/types\/page"}],"author":[{"embeddable":true,"href":"https:\/\/wn-wn.at\/index.php?rest_route=\/wp\/v2\/users\/2"}],"replies":[{"embeddable":true,"href":"https:\/\/wn-wn.at\/index.php?rest_route=%2Fwp%2Fv2%2Fcomments&post=41"}],"version-history":[{"count":3,"href":"https:\/\/wn-wn.at\/index.php?rest_route=\/wp\/v2\/pages\/41\/revisions"}],"predecessor-version":[{"id":59,"href":"https:\/\/wn-wn.at\/index.php?rest_route=\/wp\/v2\/pages\/41\/revisions\/59"}],"wp:attachment":[{"href":"https:\/\/wn-wn.at\/index.php?rest_route=%2Fwp%2Fv2%2Fmedia&parent=41"}],"curies":[{"name":"wp","href":"https:\/\/api.w.org\/{rel}","templated":true}]}}