{"id":145,"date":"2025-09-16T14:06:17","date_gmt":"2025-09-16T14:06:17","guid":{"rendered":"https:\/\/wn-wn.at\/?page_id=145"},"modified":"2025-10-28T11:21:58","modified_gmt":"2025-10-28T11:21:58","slug":"grosszuegiges-altbau-buero-150m2","status":"publish","type":"page","link":"https:\/\/wn-wn.at\/?page_id=145","title":{"rendered":"Gro\u00dfz\u00fcgiges Altbau B\u00fcro 150m2"},"content":{"rendered":"<p>Wir bieten eine gro\u00dfz\u00fcgige B\u00fcrofl\u00e4che an einer ausgezeichneten Lage.<br \/>\n<span style=\"font-size: 1rem;\">Die U4-Station Kettenbr\u00fcckengasse ist nur 4 Gehminuten entfernt und die Bushaltestelle des 59A ist in 1 Minute erreichbar.<br \/>\n<\/span>Die sieben B\u00fcror\u00e4ume sind angenehm hell und liegen am mittigen Gang. Es gibt eine kleine K\u00fcche und einen gro\u00dfen Nassraum mit mehreren WCs.<br \/>\n<span style=\"font-size: 1rem;\">Klimaanlagen sind vorhanden.<\/span><\/p>\n<p>Hervorragende Anbindung, solide B\u00fcros, praktische und funktionale Aufteilung. Der individuellen Einrichtung der B\u00fcros steht nichts im Wege. Wir unterst\u00fctzen Ihre gew\u00fcnschten Umbauten.<\/p>\n<p>Hier der Grundriss zum Download <a href=\"http:\/\/wn-wn.at\/wp-content\/uploads\/2025\/10\/K7_Grundriss-Buero-2.-Stk.-150m2.pdf\">K7_Grundriss B\u00fcro 2. Stk. 150m2<\/a><\/p>\n<p>&nbsp;<\/p>\n<p><img loading=\"lazy\" decoding=\"async\" class=\"alignnone size-medium wp-image-162\" style=\"font-size: 1rem;\" src=\"http:\/\/wn-wn.at\/wp-content\/uploads\/2025\/10\/IMG_4886_klein-300x225.jpg\" alt=\"\" width=\"300\" height=\"225\" srcset=\"https:\/\/wn-wn.at\/wp-content\/uploads\/2025\/10\/IMG_4886_klein-300x225.jpg 300w, https:\/\/wn-wn.at\/wp-content\/uploads\/2025\/10\/IMG_4886_klein-1024x769.jpg 1024w, https:\/\/wn-wn.at\/wp-content\/uploads\/2025\/10\/IMG_4886_klein-768x577.jpg 768w, https:\/\/wn-wn.at\/wp-content\/uploads\/2025\/10\/IMG_4886_klein.jpg 1428w\" sizes=\"auto, (max-width: 300px) 100vw, 300px\" \/><img loading=\"lazy\" decoding=\"async\" class=\"alignnone size-medium wp-image-152\" style=\"font-size: 1rem;\" src=\"http:\/\/wn-wn.at\/wp-content\/uploads\/2025\/09\/IMG_4854-225x300.jpg\" alt=\"\" width=\"225\" height=\"300\" srcset=\"https:\/\/wn-wn.at\/wp-content\/uploads\/2025\/09\/IMG_4854-225x300.jpg 225w, https:\/\/wn-wn.at\/wp-content\/uploads\/2025\/09\/IMG_4854-rotated.jpg 480w\" sizes=\"auto, (max-width: 225px) 100vw, 225px\" \/><span style=\"font-size: 1rem;\"> <img loading=\"lazy\" decoding=\"async\" class=\"alignnone size-medium wp-image-149\" src=\"http:\/\/wn-wn.at\/wp-content\/uploads\/2025\/09\/IMG_4851-225x300.jpg\" alt=\"\" width=\"225\" height=\"300\" srcset=\"https:\/\/wn-wn.at\/wp-content\/uploads\/2025\/09\/IMG_4851-225x300.jpg 225w, https:\/\/wn-wn.at\/wp-content\/uploads\/2025\/09\/IMG_4851-rotated.jpg 480w\" sizes=\"auto, (max-width: 225px) 100vw, 225px\" \/><img loading=\"lazy\" decoding=\"async\" class=\"alignnone size-medium wp-image-151\" src=\"http:\/\/wn-wn.at\/wp-content\/uploads\/2025\/09\/IMG_4853-225x300.jpg\" alt=\"\" width=\"225\" height=\"300\" srcset=\"https:\/\/wn-wn.at\/wp-content\/uploads\/2025\/09\/IMG_4853-225x300.jpg 225w, https:\/\/wn-wn.at\/wp-content\/uploads\/2025\/09\/IMG_4853-rotated.jpg 480w\" sizes=\"auto, (max-width: 225px) 100vw, 225px\" \/><\/span><img loading=\"lazy\" decoding=\"async\" class=\"alignnone size-medium wp-image-153\" style=\"font-size: 1rem;\" src=\"http:\/\/wn-wn.at\/wp-content\/uploads\/2025\/09\/IMG_4855-225x300.jpg\" alt=\"\" width=\"225\" height=\"300\" srcset=\"https:\/\/wn-wn.at\/wp-content\/uploads\/2025\/09\/IMG_4855-225x300.jpg 225w, https:\/\/wn-wn.at\/wp-content\/uploads\/2025\/09\/IMG_4855-rotated.jpg 480w\" sizes=\"auto, (max-width: 225px) 100vw, 225px\" \/><img loading=\"lazy\" decoding=\"async\" class=\"alignnone size-medium wp-image-163\" style=\"font-size: 1rem;\" src=\"http:\/\/wn-wn.at\/wp-content\/uploads\/2025\/10\/Empfang-300x169.jpg\" alt=\"\" width=\"300\" height=\"169\" srcset=\"https:\/\/wn-wn.at\/wp-content\/uploads\/2025\/10\/Empfang-300x169.jpg 300w, https:\/\/wn-wn.at\/wp-content\/uploads\/2025\/10\/Empfang-1024x576.jpg 1024w, https:\/\/wn-wn.at\/wp-content\/uploads\/2025\/10\/Empfang-768x432.jpg 768w, https:\/\/wn-wn.at\/wp-content\/uploads\/2025\/10\/Empfang-1536x864.jpg 1536w, https:\/\/wn-wn.at\/wp-content\/uploads\/2025\/10\/Empfang.jpg 1920w\" sizes=\"auto, (max-width: 300px) 100vw, 300px\" \/> <img loading=\"lazy\" decoding=\"async\" class=\"alignnone size-medium wp-image-165\" style=\"font-size: 1rem;\" src=\"http:\/\/wn-wn.at\/wp-content\/uploads\/2025\/10\/IMG_3155-300x225.jpg\" alt=\"\" width=\"300\" height=\"225\" srcset=\"https:\/\/wn-wn.at\/wp-content\/uploads\/2025\/10\/IMG_3155-300x225.jpg 300w, https:\/\/wn-wn.at\/wp-content\/uploads\/2025\/10\/IMG_3155.jpg 640w\" sizes=\"auto, (max-width: 300px) 100vw, 300px\" \/> <img loading=\"lazy\" decoding=\"async\" class=\"alignnone size-medium wp-image-166\" style=\"font-size: 1rem;\" src=\"http:\/\/wn-wn.at\/wp-content\/uploads\/2025\/10\/Seminarraum_IMG_1078-300x225.jpg\" alt=\"\" width=\"300\" height=\"225\" srcset=\"https:\/\/wn-wn.at\/wp-content\/uploads\/2025\/10\/Seminarraum_IMG_1078-300x225.jpg 300w, https:\/\/wn-wn.at\/wp-content\/uploads\/2025\/10\/Seminarraum_IMG_1078-1024x768.jpg 1024w, https:\/\/wn-wn.at\/wp-content\/uploads\/2025\/10\/Seminarraum_IMG_1078-768x576.jpg 768w, https:\/\/wn-wn.at\/wp-content\/uploads\/2025\/10\/Seminarraum_IMG_1078-1536x1152.jpg 1536w, https:\/\/wn-wn.at\/wp-content\/uploads\/2025\/10\/Seminarraum_IMG_1078-2048x1536.jpg 2048w\" sizes=\"auto, (max-width: 300px) 100vw, 300px\" \/><img loading=\"lazy\" decoding=\"async\" class=\"alignnone size-medium wp-image-164\" style=\"font-size: 1rem;\" src=\"http:\/\/wn-wn.at\/wp-content\/uploads\/2025\/10\/IMG_3154-300x225.jpg\" alt=\"\" width=\"300\" height=\"225\" srcset=\"https:\/\/wn-wn.at\/wp-content\/uploads\/2025\/10\/IMG_3154-300x225.jpg 300w, https:\/\/wn-wn.at\/wp-content\/uploads\/2025\/10\/IMG_3154.jpg 640w\" sizes=\"auto, (max-width: 300px) 100vw, 300px\" \/><\/p>\n","protected":false},"excerpt":{"rendered":"<p>Wir bieten eine gro\u00dfz\u00fcgige B\u00fcrofl\u00e4che an einer ausgezeichneten Lage. Die U4-Station Kettenbr\u00fcckengasse ist nur 4 Gehminuten entfernt und die Bushaltestelle des 59A ist in 1 Minute erreichbar. Die sieben B\u00fcror\u00e4ume sind angenehm hell und liegen am mittigen Gang. Es gibt eine kleine K\u00fcche und einen gro\u00dfen Nassraum mit mehreren WCs. Klimaanlagen sind vorhanden. Hervorragende Anbindung, &hellip; <\/p>\n<p class=\"link-more\"><a href=\"https:\/\/wn-wn.at\/?page_id=145\" class=\"more-link\"><span class=\"screen-reader-text\">\u201eGro\u00dfz\u00fcgiges Altbau B\u00fcro 150m2\u201c<\/span> weiterlesen<\/a><\/p>\n","protected":false},"author":2,"featured_media":0,"parent":0,"menu_order":0,"comment_status":"closed","ping_status":"closed","template":"","meta":{"footnotes":""},"class_list":["post-145","page","type-page","status-publish","hentry"],"_links":{"self":[{"href":"https:\/\/wn-wn.at\/index.php?rest_route=\/wp\/v2\/pages\/145","targetHints":{"allow":["GET"]}}],"collection":[{"href":"https:\/\/wn-wn.at\/index.php?rest_route=\/wp\/v2\/pages"}],"about":[{"href":"https:\/\/wn-wn.at\/index.php?rest_route=\/wp\/v2\/types\/page"}],"author":[{"embeddable":true,"href":"https:\/\/wn-wn.at\/index.php?rest_route=\/wp\/v2\/users\/2"}],"replies":[{"embeddable":true,"href":"https:\/\/wn-wn.at\/index.php?rest_route=%2Fwp%2Fv2%2Fcomments&post=145"}],"version-history":[{"count":2,"href":"https:\/\/wn-wn.at\/index.php?rest_route=\/wp\/v2\/pages\/145\/revisions"}],"predecessor-version":[{"id":171,"href":"https:\/\/wn-wn.at\/index.php?rest_route=\/wp\/v2\/pages\/145\/revisions\/171"}],"wp:attachment":[{"href":"https:\/\/wn-wn.at\/index.php?rest_route=%2Fwp%2Fv2%2Fmedia&parent=145"}],"curies":[{"name":"wp","href":"https:\/\/api.w.org\/{rel}","templated":true}]}}