{"id":106,"date":"2024-06-24T12:07:31","date_gmt":"2024-06-24T12:07:31","guid":{"rendered":"http:\/\/wn-wn.at\/?page_id=106"},"modified":"2024-06-25T14:11:59","modified_gmt":"2024-06-25T14:11:59","slug":"kurzzeitvermietung","status":"publish","type":"page","link":"https:\/\/wn-wn.at\/?page_id=106","title":{"rendered":"Wohnen auf Zeit"},"content":{"rendered":"<p>In der Sch\u00f6nbrunner Str. 13 bieten wir ein voll ausgestattetes Apartment zur Kurzzeitmiete an.<\/p>\n<p>Das bequeme Apartment liegt im Zentrum in der N\u00e4he von Naschmarkt, TU Wien und Karlsplatz. Es befindet sich ebenerdig im ruhigen Innenhof mit einem sch\u00f6nen Sitzplatz im Freien. Die Wohnung ist gro\u00dfz\u00fcgig und modern eingerichtet.<br \/>\nEs gibt einen gro\u00dfen Wohnraum mit K\u00fcchenzeile und Tisch sowie einer gem\u00fctlichen Sofaecke, ein Schlafzimmer, ein Badezimmer und ein separates WC. Im Schlafzimmer ist ein gro\u00dfes Bett und ein Kasten. Bettw\u00e4sche und Badet\u00fccher werden zur Verf\u00fcgung gestellt. Die K\u00fcche ist mit Herd, Backrohr, K\u00fchlschrank mit Tiefk\u00fchlfach, Toaster, Geschirrsp\u00fcler und Nespresso Maschine ausgestattet. Es gibt die notwendigen K\u00fcchenutensilien. Wifi und Fernseher sind vorhanden. Das moderne Badezimmer ist mit einer gro\u00dfz\u00fcgigen begehbaren Dusche ausgestattet und hat eine zus\u00e4tzliche Fu\u00dfbodenheizung. Im separaten WC gibt es ein Waschbecken und einen Spiegel. Einmal in der Woche wird das Apartment kostenfrei gereinigt und werden Bettw\u00e4sche und Badet\u00fccher gewechselt.<\/p>\n<section>\n<div class=\"Characteristics-grid-n5x\">\n<p><strong><span class=\"Text-color-gray-dark-wi_ Text-size-s-KGp Text-bold-t5X \">Wohnen auf Zeit: <\/span><\/strong><strong>Verf\u00fcgbar ab Oktober 2024, ab 1 Monat bis maximal 6 Monate befristet<br \/>\nMiete 1.500 \u20ac pro Monat\u00a0<\/strong><b>zuz\u00fcglich. 20% USt.<br \/>\n<strong>Bei Interesse schreiben Sie uns ein Email an: <\/strong><a href=\"mailto:office@wn-wn.at\">office(at)wn(minus)wn(punkt)at<\/a><br \/>\n<\/b><\/p>\n<\/div>\n<ul>\n<li class=\"Characteristics-grid-n5x\"><span class=\"Text-color-gray-dark-wi_ Text-size-s-KGp Text-bold-t5X \">Erdgeschosswohnung, <\/span><span style=\"font-size: 1rem;\">Altbau, Parkett<\/span><\/li>\n<li class=\"Characteristics-grid-n5x\"><span class=\"Text-color-gray-dark-wi_ Text-size-s-KGp Text-bold-t5X \">Gesamtfl\u00e4che 55 m\u00b2<\/span><\/li>\n<li>Fernw\u00e4rme<\/li>\n<li class=\"Characteristics-grid-n5x\"><span class=\"Text-color-gray-dark-wi_ Text-size-s-KGp Text-bold-t5X \">2 Zimmer, <\/span><span style=\"font-size: 1rem;\">1 Badezimmer<\/span><\/li>\n<li class=\"Characteristics-grid-n5x\"><span style=\"font-size: 1.125rem;\">Ausstattung: <\/span><span style=\"font-size: 1rem;\">Einbauk\u00fcche, Vollm\u00f6bliert<\/span><\/li>\n<li>Internet, Wifi, Fernseher<\/li>\n<li>Kaution: 1.500 EUR<\/li>\n<\/ul>\n<p><img loading=\"lazy\" decoding=\"async\" class=\"alignnone size-medium wp-image-120\" src=\"http:\/\/wn-wn.at\/wp-content\/uploads\/2024\/06\/Badezimmer_MG_6244-200x300.jpg\" alt=\"\" width=\"200\" height=\"300\" srcset=\"https:\/\/wn-wn.at\/wp-content\/uploads\/2024\/06\/Badezimmer_MG_6244-200x300.jpg 200w, https:\/\/wn-wn.at\/wp-content\/uploads\/2024\/06\/Badezimmer_MG_6244-683x1024.jpg 683w, https:\/\/wn-wn.at\/wp-content\/uploads\/2024\/06\/Badezimmer_MG_6244-768x1152.jpg 768w, https:\/\/wn-wn.at\/wp-content\/uploads\/2024\/06\/Badezimmer_MG_6244-1024x1536.jpg 1024w, https:\/\/wn-wn.at\/wp-content\/uploads\/2024\/06\/Badezimmer_MG_6244-1365x2048.jpg 1365w, https:\/\/wn-wn.at\/wp-content\/uploads\/2024\/06\/Badezimmer_MG_6244-scaled.jpg 1707w\" sizes=\"auto, (max-width: 200px) 100vw, 200px\" \/> <img loading=\"lazy\" decoding=\"async\" class=\"alignnone size-medium wp-image-121\" src=\"http:\/\/wn-wn.at\/wp-content\/uploads\/2024\/06\/Bett_mit_Licht_MG_6331-300x200.jpg\" alt=\"\" width=\"300\" height=\"200\" srcset=\"https:\/\/wn-wn.at\/wp-content\/uploads\/2024\/06\/Bett_mit_Licht_MG_6331-300x200.jpg 300w, https:\/\/wn-wn.at\/wp-content\/uploads\/2024\/06\/Bett_mit_Licht_MG_6331-1024x683.jpg 1024w, https:\/\/wn-wn.at\/wp-content\/uploads\/2024\/06\/Bett_mit_Licht_MG_6331-768x512.jpg 768w, https:\/\/wn-wn.at\/wp-content\/uploads\/2024\/06\/Bett_mit_Licht_MG_6331-1536x1024.jpg 1536w, https:\/\/wn-wn.at\/wp-content\/uploads\/2024\/06\/Bett_mit_Licht_MG_6331-2048x1365.jpg 2048w\" sizes=\"auto, (max-width: 300px) 100vw, 300px\" \/> <img loading=\"lazy\" decoding=\"async\" class=\"alignnone size-medium wp-image-122\" src=\"http:\/\/wn-wn.at\/wp-content\/uploads\/2024\/06\/Schlafzimmer_Kasten_MG_6260-300x200.jpg\" alt=\"\" width=\"300\" height=\"200\" srcset=\"https:\/\/wn-wn.at\/wp-content\/uploads\/2024\/06\/Schlafzimmer_Kasten_MG_6260-300x200.jpg 300w, https:\/\/wn-wn.at\/wp-content\/uploads\/2024\/06\/Schlafzimmer_Kasten_MG_6260-1024x683.jpg 1024w, https:\/\/wn-wn.at\/wp-content\/uploads\/2024\/06\/Schlafzimmer_Kasten_MG_6260-768x512.jpg 768w, https:\/\/wn-wn.at\/wp-content\/uploads\/2024\/06\/Schlafzimmer_Kasten_MG_6260-1536x1024.jpg 1536w, https:\/\/wn-wn.at\/wp-content\/uploads\/2024\/06\/Schlafzimmer_Kasten_MG_6260-2048x1365.jpg 2048w\" sizes=\"auto, (max-width: 300px) 100vw, 300px\" \/> <img loading=\"lazy\" decoding=\"async\" class=\"alignnone size-medium wp-image-123\" src=\"http:\/\/wn-wn.at\/wp-content\/uploads\/2024\/06\/WC_MG_6241-200x300.jpg\" alt=\"\" width=\"200\" height=\"300\" srcset=\"https:\/\/wn-wn.at\/wp-content\/uploads\/2024\/06\/WC_MG_6241-200x300.jpg 200w, https:\/\/wn-wn.at\/wp-content\/uploads\/2024\/06\/WC_MG_6241-683x1024.jpg 683w, https:\/\/wn-wn.at\/wp-content\/uploads\/2024\/06\/WC_MG_6241-768x1152.jpg 768w, https:\/\/wn-wn.at\/wp-content\/uploads\/2024\/06\/WC_MG_6241-1024x1536.jpg 1024w, https:\/\/wn-wn.at\/wp-content\/uploads\/2024\/06\/WC_MG_6241-1365x2048.jpg 1365w, https:\/\/wn-wn.at\/wp-content\/uploads\/2024\/06\/WC_MG_6241-scaled.jpg 1707w\" sizes=\"auto, (max-width: 200px) 100vw, 200px\" \/> <img loading=\"lazy\" decoding=\"async\" class=\"alignnone size-medium wp-image-124\" src=\"http:\/\/wn-wn.at\/wp-content\/uploads\/2024\/06\/WC_Waschtisch_MG_6242-200x300.jpg\" alt=\"\" width=\"200\" height=\"300\" srcset=\"https:\/\/wn-wn.at\/wp-content\/uploads\/2024\/06\/WC_Waschtisch_MG_6242-200x300.jpg 200w, https:\/\/wn-wn.at\/wp-content\/uploads\/2024\/06\/WC_Waschtisch_MG_6242-683x1024.jpg 683w, https:\/\/wn-wn.at\/wp-content\/uploads\/2024\/06\/WC_Waschtisch_MG_6242-768x1152.jpg 768w, https:\/\/wn-wn.at\/wp-content\/uploads\/2024\/06\/WC_Waschtisch_MG_6242-1024x1536.jpg 1024w, https:\/\/wn-wn.at\/wp-content\/uploads\/2024\/06\/WC_Waschtisch_MG_6242-1365x2048.jpg 1365w, https:\/\/wn-wn.at\/wp-content\/uploads\/2024\/06\/WC_Waschtisch_MG_6242-scaled.jpg 1707w\" sizes=\"auto, (max-width: 200px) 100vw, 200px\" \/><img loading=\"lazy\" decoding=\"async\" class=\"alignnone size-medium wp-image-116\" src=\"http:\/\/wn-wn.at\/wp-content\/uploads\/2024\/06\/IMG_1243-300x225.jpg\" alt=\"\" width=\"300\" height=\"225\" srcset=\"https:\/\/wn-wn.at\/wp-content\/uploads\/2024\/06\/IMG_1243-300x225.jpg 300w, https:\/\/wn-wn.at\/wp-content\/uploads\/2024\/06\/IMG_1243-1024x768.jpg 1024w, https:\/\/wn-wn.at\/wp-content\/uploads\/2024\/06\/IMG_1243-768x576.jpg 768w, https:\/\/wn-wn.at\/wp-content\/uploads\/2024\/06\/IMG_1243-1536x1152.jpg 1536w, https:\/\/wn-wn.at\/wp-content\/uploads\/2024\/06\/IMG_1243.jpg 2016w\" sizes=\"auto, (max-width: 300px) 100vw, 300px\" \/> <img loading=\"lazy\" decoding=\"async\" class=\"alignnone size-medium wp-image-115\" src=\"http:\/\/wn-wn.at\/wp-content\/uploads\/2024\/06\/IMG_1241-225x300.jpg\" alt=\"\" width=\"225\" height=\"300\" srcset=\"https:\/\/wn-wn.at\/wp-content\/uploads\/2024\/06\/IMG_1241-225x300.jpg 225w, https:\/\/wn-wn.at\/wp-content\/uploads\/2024\/06\/IMG_1241-768x1024.jpg 768w, https:\/\/wn-wn.at\/wp-content\/uploads\/2024\/06\/IMG_1241-1152x1536.jpg 1152w, https:\/\/wn-wn.at\/wp-content\/uploads\/2024\/06\/IMG_1241-rotated.jpg 1512w\" sizes=\"auto, (max-width: 225px) 100vw, 225px\" \/> <img loading=\"lazy\" decoding=\"async\" class=\"alignnone size-medium wp-image-114\" src=\"http:\/\/wn-wn.at\/wp-content\/uploads\/2024\/06\/IMG_1240-225x300.jpg\" alt=\"\" width=\"225\" height=\"300\" srcset=\"https:\/\/wn-wn.at\/wp-content\/uploads\/2024\/06\/IMG_1240-225x300.jpg 225w, https:\/\/wn-wn.at\/wp-content\/uploads\/2024\/06\/IMG_1240-768x1024.jpg 768w, https:\/\/wn-wn.at\/wp-content\/uploads\/2024\/06\/IMG_1240-1152x1536.jpg 1152w, https:\/\/wn-wn.at\/wp-content\/uploads\/2024\/06\/IMG_1240-rotated.jpg 1512w\" sizes=\"auto, (max-width: 225px) 100vw, 225px\" \/> <img loading=\"lazy\" decoding=\"async\" class=\"alignnone size-medium wp-image-113\" src=\"http:\/\/wn-wn.at\/wp-content\/uploads\/2024\/06\/IMG_1235-225x300.jpg\" alt=\"\" width=\"225\" height=\"300\" srcset=\"https:\/\/wn-wn.at\/wp-content\/uploads\/2024\/06\/IMG_1235-225x300.jpg 225w, https:\/\/wn-wn.at\/wp-content\/uploads\/2024\/06\/IMG_1235-768x1024.jpg 768w, https:\/\/wn-wn.at\/wp-content\/uploads\/2024\/06\/IMG_1235-1152x1536.jpg 1152w, https:\/\/wn-wn.at\/wp-content\/uploads\/2024\/06\/IMG_1235-rotated.jpg 1512w\" sizes=\"auto, (max-width: 225px) 100vw, 225px\" \/> <img loading=\"lazy\" decoding=\"async\" class=\"alignnone size-medium wp-image-112\" src=\"http:\/\/wn-wn.at\/wp-content\/uploads\/2024\/06\/IMG_1232-300x225.jpg\" alt=\"\" width=\"300\" height=\"225\" srcset=\"https:\/\/wn-wn.at\/wp-content\/uploads\/2024\/06\/IMG_1232-300x225.jpg 300w, https:\/\/wn-wn.at\/wp-content\/uploads\/2024\/06\/IMG_1232-1024x768.jpg 1024w, https:\/\/wn-wn.at\/wp-content\/uploads\/2024\/06\/IMG_1232-768x576.jpg 768w, https:\/\/wn-wn.at\/wp-content\/uploads\/2024\/06\/IMG_1232-1536x1152.jpg 1536w, https:\/\/wn-wn.at\/wp-content\/uploads\/2024\/06\/IMG_1232.jpg 2016w\" sizes=\"auto, (max-width: 300px) 100vw, 300px\" \/> <img loading=\"lazy\" decoding=\"async\" class=\"alignnone size-medium wp-image-111\" src=\"http:\/\/wn-wn.at\/wp-content\/uploads\/2024\/06\/IMG_1227-300x225.jpg\" alt=\"\" width=\"300\" height=\"225\" \/><img loading=\"lazy\" decoding=\"async\" class=\"alignnone size-medium wp-image-127\" src=\"http:\/\/wn-wn.at\/wp-content\/uploads\/2024\/06\/Sitzplatz-im-Freien-300x225.jpg\" alt=\"\" width=\"300\" height=\"225\" srcset=\"https:\/\/wn-wn.at\/wp-content\/uploads\/2024\/06\/Sitzplatz-im-Freien-300x225.jpg 300w, https:\/\/wn-wn.at\/wp-content\/uploads\/2024\/06\/Sitzplatz-im-Freien.jpg 640w\" sizes=\"auto, (max-width: 300px) 100vw, 300px\" \/> <img loading=\"lazy\" decoding=\"async\" class=\"alignnone size-medium wp-image-128\" src=\"http:\/\/wn-wn.at\/wp-content\/uploads\/2024\/06\/Sitzplatz_Freien-300x225.jpg\" alt=\"\" width=\"300\" height=\"225\" srcset=\"https:\/\/wn-wn.at\/wp-content\/uploads\/2024\/06\/Sitzplatz_Freien-300x225.jpg 300w, https:\/\/wn-wn.at\/wp-content\/uploads\/2024\/06\/Sitzplatz_Freien.jpg 640w\" sizes=\"auto, (max-width: 300px) 100vw, 300px\" \/><\/p>\n<\/section>\n","protected":false},"excerpt":{"rendered":"<p>In der Sch\u00f6nbrunner Str. 13 bieten wir ein voll ausgestattetes Apartment zur Kurzzeitmiete an. Das bequeme Apartment liegt im Zentrum in der N\u00e4he von Naschmarkt, TU Wien und Karlsplatz. Es befindet sich ebenerdig im ruhigen Innenhof mit einem sch\u00f6nen Sitzplatz im Freien. Die Wohnung ist gro\u00dfz\u00fcgig und modern eingerichtet. Es gibt einen gro\u00dfen Wohnraum mit &hellip; <\/p>\n<p class=\"link-more\"><a href=\"https:\/\/wn-wn.at\/?page_id=106\" class=\"more-link\"><span class=\"screen-reader-text\">\u201eWohnen auf Zeit\u201c<\/span> weiterlesen<\/a><\/p>\n","protected":false},"author":2,"featured_media":111,"parent":0,"menu_order":0,"comment_status":"closed","ping_status":"closed","template":"","meta":{"footnotes":""},"class_list":["post-106","page","type-page","status-publish","has-post-thumbnail","hentry"],"_links":{"self":[{"href":"https:\/\/wn-wn.at\/index.php?rest_route=\/wp\/v2\/pages\/106","targetHints":{"allow":["GET"]}}],"collection":[{"href":"https:\/\/wn-wn.at\/index.php?rest_route=\/wp\/v2\/pages"}],"about":[{"href":"https:\/\/wn-wn.at\/index.php?rest_route=\/wp\/v2\/types\/page"}],"author":[{"embeddable":true,"href":"https:\/\/wn-wn.at\/index.php?rest_route=\/wp\/v2\/users\/2"}],"replies":[{"embeddable":true,"href":"https:\/\/wn-wn.at\/index.php?rest_route=%2Fwp%2Fv2%2Fcomments&post=106"}],"version-history":[{"count":3,"href":"https:\/\/wn-wn.at\/index.php?rest_route=\/wp\/v2\/pages\/106\/revisions"}],"predecessor-version":[{"id":132,"href":"https:\/\/wn-wn.at\/index.php?rest_route=\/wp\/v2\/pages\/106\/revisions\/132"}],"wp:featuredmedia":[{"embeddable":true,"href":"https:\/\/wn-wn.at\/index.php?rest_route=\/wp\/v2\/media\/111"}],"wp:attachment":[{"href":"https:\/\/wn-wn.at\/index.php?rest_route=%2Fwp%2Fv2%2Fmedia&parent=106"}],"curies":[{"name":"wp","href":"https:\/\/api.w.org\/{rel}","templated":true}]}}